{"id":207,"date":"2016-02-22T23:22:39","date_gmt":"2016-02-22T22:22:39","guid":{"rendered":"http:\/\/gsautosport.nl\/wordpress\/?page_id=207"},"modified":"2024-09-24T09:42:39","modified_gmt":"2024-09-24T07:42:39","slug":"deutsch-bestellen","status":"publish","type":"page","link":"https:\/\/gsautosport.nl\/?page_id=207","title":{"rendered":"Deutsch &#8211; Bestellen"},"content":{"rendered":"<p>Fotos von GS Autosport.nl k\u00f6nnen sogar gedr\u00fcckt oder digital bestellt werden. Auch Spezialprodukte wie Leinwand-, Holz-, und Acrylglas Abz\u00fcge, Kalender und Fotob\u00fccher k\u00f6nnen bestellt werden. Fordern sie einen Preisanfrage!<\/p>\n\n<div class=\"wpcf7 no-js\" id=\"wpcf7-f205-o1\" lang=\"nl-NL\" dir=\"ltr\">\n<div class=\"screen-reader-response\"><p role=\"status\" aria-live=\"polite\" aria-atomic=\"true\"><\/p> <ul><\/ul><\/div>\n<form action=\"\/index.php?rest_route=%2Fwp%2Fv2%2Fpages%2F207#wpcf7-f205-o1\" method=\"post\" class=\"wpcf7-form init\" aria-label=\"Contactformulier\" novalidate=\"novalidate\" data-status=\"init\">\n<div style=\"display: none;\">\n<input type=\"hidden\" name=\"_wpcf7\" value=\"205\" \/>\n<input type=\"hidden\" name=\"_wpcf7_version\" value=\"5.7.3\" \/>\n<input type=\"hidden\" name=\"_wpcf7_locale\" value=\"nl_NL\" \/>\n<input type=\"hidden\" name=\"_wpcf7_unit_tag\" value=\"wpcf7-f205-o1\" \/>\n<input type=\"hidden\" name=\"_wpcf7_container_post\" value=\"0\" \/>\n<input type=\"hidden\" name=\"_wpcf7_posted_data_hash\" value=\"\" \/>\n<input type=\"hidden\" name=\"_wpcf7_recaptcha_response\" value=\"\" \/>\n<\/div>\n<p>Geben Sie hier Ihre Daten ein und bestellen Sie!\n<\/p>\n<table>\n\t<tr><span class=\"wpcf7-form-control-wrap\" data-name=\"Besteller\"><input size=\"40\" class=\"wpcf7-form-control wpcf7-text wpcf7-validates-as-required\" aria-required=\"true\" aria-invalid=\"false\" placeholder=\"Name\" value=\"\" type=\"text\" name=\"Besteller\" \/><\/span>\n\t<\/tr>\n\t<tr><span class=\"wpcf7-form-control-wrap\" data-name=\"Adres-Besteller\"><input size=\"40\" class=\"wpcf7-form-control wpcf7-text wpcf7-validates-as-required\" aria-required=\"true\" aria-invalid=\"false\" placeholder=\"Adresse &amp; Nummer\" value=\"\" type=\"text\" name=\"Adres-Besteller\" \/><\/span>\n\t<\/tr>\n\t<tr><span class=\"wpcf7-form-control-wrap\" data-name=\"Postcode-Besteller\"><input size=\"40\" maxlength=\"10\" minlength=\"4\" class=\"wpcf7-form-control wpcf7-text wpcf7-validates-as-required\" aria-required=\"true\" aria-invalid=\"false\" placeholder=\"Postleitzahl\" value=\"\" type=\"text\" name=\"Postcode-Besteller\" \/><\/span>\n\t<\/tr>\n\t<tr><span class=\"wpcf7-form-control-wrap\" data-name=\"Woonplaats-Besteller\"><input size=\"40\" class=\"wpcf7-form-control wpcf7-text wpcf7-validates-as-required\" aria-required=\"true\" aria-invalid=\"false\" placeholder=\"Ort\" value=\"\" type=\"text\" name=\"Woonplaats-Besteller\" \/><\/span>\n\t<\/tr>\n\t<tr><span class=\"wpcf7-form-control-wrap\" data-name=\"Land-Besteller\"><input size=\"40\" class=\"wpcf7-form-control wpcf7-text\" aria-invalid=\"false\" placeholder=\"Staat\" value=\"\" type=\"text\" name=\"Land-Besteller\" \/><\/span>\n\t<\/tr>\n\t<tr><span class=\"wpcf7-form-control-wrap\" data-name=\"Email-Besteller\"><input size=\"40\" class=\"wpcf7-form-control wpcf7-text wpcf7-email wpcf7-validates-as-required wpcf7-validates-as-email\" aria-required=\"true\" aria-invalid=\"false\" placeholder=\"E-Mail Adresse\" value=\"\" type=\"email\" name=\"Email-Besteller\" \/><\/span>\n\t<\/tr>\n\t<tr><span class=\"wpcf7-form-control-wrap\" data-name=\"Bestelling\"><textarea cols=\"40\" rows=\"10\" maxlength=\"2500\" class=\"wpcf7-form-control wpcf7-textarea wpcf7-validates-as-required\" aria-required=\"true\" aria-invalid=\"false\" placeholder=\"Schreib hier Ihre Bestellung\" name=\"Bestelling\"><\/textarea><\/span>\n\t<\/tr>\n\t<tr><span class=\"wpcf7-form-control-wrap\" data-name=\"Opmerkingen\"><textarea cols=\"40\" rows=\"10\" maxlength=\"2500\" class=\"wpcf7-form-control wpcf7-textarea\" aria-invalid=\"false\" placeholder=\"Aufmerkungen\" name=\"Opmerkingen\"><\/textarea><\/span>\n\t<\/tr>\n<\/table>\n<p>Bitte geb hier unter die Schicherheitskode ein\n<\/p>\n<p><input type=\"hidden\" name=\"_wpcf7_captcha_challenge_Uren\" value=\"1997976374\" \/><img class=\"wpcf7-form-control wpcf7-captchac wpcf7-captcha-Uren\" width=\"72\" height=\"24\" alt=\"captcha\" src=\"https:\/\/gsautosport.nl\/wordpress\/wp-content\/uploads\/wpcf7_captcha\/1997976374.png\" \/>\n<\/p>\n<p><span class=\"wpcf7-form-control-wrap\" data-name=\"Uren\"><input size=\"40\" class=\"wpcf7-form-control wpcf7-captchar\" autocomplete=\"off\" aria-invalid=\"false\" value=\"\" type=\"text\" name=\"Uren\" \/><\/span>\n<\/p>\n<p><input class=\"wpcf7-form-control has-spinner wpcf7-submit\" type=\"submit\" value=\"Absenden\" \/>\n<\/p><p style=\"display: none !important;\" class=\"akismet-fields-container\" data-prefix=\"_wpcf7_ak_\"><label>&#916;<textarea name=\"_wpcf7_ak_hp_textarea\" cols=\"45\" rows=\"8\" maxlength=\"100\"><\/textarea><\/label><input type=\"hidden\" id=\"ak_js_1\" name=\"_wpcf7_ak_js\" value=\"101\"\/><script>document.getElementById( \"ak_js_1\" ).setAttribute( \"value\", ( new Date() ).getTime() );<\/script><\/p><div class=\"wpcf7-response-output\" aria-hidden=\"true\"><\/div>\n<\/form>\n<\/div>\n\n<p>Preisinformationen<\/p>\n<table style=\"border-collapse: collapse;\" border=\"0\" width=\"100%\" cellspacing=\"0\" cellpadding=\"0\">\n<tbody>\n<tr>\n<td><strong>10&#215;15 cm<\/strong><\/td>\n<td><em>\u20ac 2,50 pro foto*<\/em><\/td>\n<td><strong>30&#215;45 cm<\/strong><\/td>\n<td><em>\u20ac 11,50 pro foto*<\/em><\/td>\n<\/tr>\n<tr>\n<td><strong>13&#215;18 cm<\/strong><\/td>\n<td><em>\u20ac 3,75 pro foto*<\/em><\/td>\n<td><strong>40&#215;60 cm<\/strong><\/td>\n<td><em>\u20ac 19,75 pro foto*<\/em><\/td>\n<\/tr>\n<tr>\n<td><strong>20&#215;30 cm<\/strong><\/td>\n<td><em>\u20ac 5,75 pro foto*<\/em><\/td>\n<td><strong>50&#215;75 cm<\/strong><\/td>\n<td><em>\u20ac 28,50 pro foto*<\/em><\/td>\n<\/tr>\n<tr>\n<td><\/td>\n<td><\/td>\n<td><\/td>\n<td><\/td>\n<\/tr>\n<tr>\n<td><strong>Digital mit\u00a0logo (<a href=\"..\/logo_preview.jpg\" target=\"_blank\" rel=\"noopener\">vorbild<\/a>)<\/strong><\/td>\n<td><em>\u20ac 0,00 pro\u00a0foto<\/em><\/td>\n<td><strong>Digital ohne logo<\/strong><\/td>\n<td><em>\u20ac 15,00 pro foto<\/em><\/td>\n<\/tr>\n<tr>\n<td><strong>Digital\u00a0geb\u00fchrenfrei<\/strong><\/td>\n<td><em>\u20ac 150,00 pro\u00a0foto<\/em><\/td>\n<td><strong>Andere Gr\u00f6\u00dfe, oder Spezialprodukte<\/strong><\/td>\n<td><em>Preis auf Anfrage<\/em><\/td>\n<\/tr>\n<tr>\n<td><\/td>\n<td><\/td>\n<td><\/td>\n<td><\/td>\n<\/tr>\n<tr>\n<td><strong>* Verarbeitungskosten<\/strong><\/td>\n<td><em>pro Bestellung \u20ac 7,25<\/em><\/td>\n<td>Versandkosten au\u00dfen die Niederlande<\/td>\n<td><\/td>\n<\/tr>\n<tr>\n<td><\/td>\n<td><\/td>\n<td>wirden nachtraglich festgesetzt.<\/td>\n<td><\/td>\n<\/tr>\n<\/tbody>\n<\/table>\n","protected":false},"excerpt":{"rendered":"<p>Fotos von GS Autosport.nl k\u00f6nnen sogar gedr\u00fcckt oder digital bestellt werden. Auch Spezialprodukte wie Leinwand-, Holz-, und Acrylglas Abz\u00fcge, Kalender und Fotob\u00fccher k\u00f6nnen bestellt werden. Fordern sie einen Preisanfrage! Preisinformationen 10&#215;15 cm \u20ac 2,50 pro foto* 30&#215;45 cm \u20ac 11,50 pro foto* 13&#215;18 cm \u20ac 3,75 pro foto* 40&#215;60 cm \u20ac 19,75 pro foto* 20&#215;30 [&hellip;]<\/p>\n","protected":false},"author":1,"featured_media":0,"parent":38,"menu_order":0,"comment_status":"closed","ping_status":"closed","template":"","meta":[],"_links":{"self":[{"href":"https:\/\/gsautosport.nl\/index.php?rest_route=\/wp\/v2\/pages\/207"}],"collection":[{"href":"https:\/\/gsautosport.nl\/index.php?rest_route=\/wp\/v2\/pages"}],"about":[{"href":"https:\/\/gsautosport.nl\/index.php?rest_route=\/wp\/v2\/types\/page"}],"author":[{"embeddable":true,"href":"https:\/\/gsautosport.nl\/index.php?rest_route=\/wp\/v2\/users\/1"}],"replies":[{"embeddable":true,"href":"https:\/\/gsautosport.nl\/index.php?rest_route=%2Fwp%2Fv2%2Fcomments&post=207"}],"version-history":[{"count":5,"href":"https:\/\/gsautosport.nl\/index.php?rest_route=\/wp\/v2\/pages\/207\/revisions"}],"predecessor-version":[{"id":711,"href":"https:\/\/gsautosport.nl\/index.php?rest_route=\/wp\/v2\/pages\/207\/revisions\/711"}],"up":[{"embeddable":true,"href":"https:\/\/gsautosport.nl\/index.php?rest_route=\/wp\/v2\/pages\/38"}],"wp:attachment":[{"href":"https:\/\/gsautosport.nl\/index.php?rest_route=%2Fwp%2Fv2%2Fmedia&parent=207"}],"curies":[{"name":"wp","href":"https:\/\/api.w.org\/{rel}","templated":true}]}}